{"id":10155,"date":"2021-08-14T16:24:41","date_gmt":"2021-08-14T07:24:41","guid":{"rendered":"http:\/\/lifeasart.jp\/?post_type=product&#038;p=10155"},"modified":"2023-07-23T15:56:57","modified_gmt":"2023-07-23T06:56:57","slug":"%e3%82%af%e3%83%ac%e3%83%bb%e3%83%89%e3%83%bb%e3%83%9d%e3%83%bc-%e3%83%9c%e3%83%bc%e3%83%86-%e3%83%ab%e3%83%bc%e3%82%b8%e3%83%a5%e3%82%a2%e3%83%ac%e3%83%bc%e3%83%96%e3%83%ab-%e3%82%a8%e3%83%96","status":"publish","type":"product","link":"https:\/\/lifeasart.jp\/?product=%e3%82%af%e3%83%ac%e3%83%bb%e3%83%89%e3%83%bb%e3%83%9d%e3%83%bc-%e3%83%9c%e3%83%bc%e3%83%86-%e3%83%ab%e3%83%bc%e3%82%b8%e3%83%a5%e3%82%a2%e3%83%ac%e3%83%bc%e3%83%96%e3%83%ab-%e3%82%a8%e3%83%96","title":{"rendered":"\u30af\u30ec\u30fb\u30c9\u30fb\u30dd\u30fc \u30dc\u30fc\u30c6 \u30eb\u30fc\u30b8\u30e5\u30a2\u30ec\u30fc\u30d6\u30eb \u30a8\u30d6\u30eb\u30a4\u30b5\u30f3 311 \u30d1\u30ef\u30fc\u30cf\u30a6\u30b9 \u30d4\u30f3\u30af"},"content":{"rendered":"<div class=\"cpb-products-data is-quickview\">\n<div class=\"cpb-products-data_box\">\n<p class=\"item-name_sub\">ROUGE \u00c0 L\u00c8VRES \u00c9BLOUISSANT<\/p>\n<p class=\"item-name_brand\">\u30af\u30ec\u30fb\u30c9\u30fb\u30dd\u30fc \u30dc\u30fc\u30c6 \u30eb\u30fc\u30b8\u30e5\u30a2\u30ec\u30fc\u30d6\u30eb \u30a8\u30d6\u30eb\u30a4\u30b5\u30f3<\/p>\n<div class=\"item-link_container\">\n<div class=\"item-link_box\"><\/div>\n<\/div>\n<\/div>\n<\/div>\n<div class=\"cpb-products-photo is-quickview\">\n<div class=\"cpb-products-photo_cover cmd-slider js-products-photo_slider js-slider_control slick-initialized slick-slider slick-dotted\">\n<div class=\"slick-list draggable\">\n<div class=\"slick-track\">\n<div id=\"slick-slide00\" class=\"slick-slide slick-current slick-active\" role=\"tabpanel\" data-slick-index=\"0\" aria-hidden=\"false\">\n<div>\n<div class=\"cpb-products-photo_box cmd-slide\"><img decoding=\"async\" title=\"\u30eb\u30fc\u30b8\u30e5\u30a2\u30ec\u30fc\u30d6\u30eb \u30a8\u30d6\u30eb\u30a4\u30b5\u30f3\" src=\"https:\/\/www.cledepeau-beaute.com\/dw\/image\/v2\/BBSC_PRD\/on\/demandware.static\/-\/Sites-master-catalog-cpb_jp_ec\/default\/dw73be97af\/products\/images\/product-detail-A17001-17041_1.png?sw=580&amp;sh=580&amp;sm=fit\" alt=\"\u30eb\u30fc\u30b8\u30e5\u30a2\u30ec\u30fc\u30d6\u30eb \u30a8\u30d6\u30eb\u30a4\u30b5\u30f3\" \/><\/div>\n<\/div>\n<\/div>\n<div id=\"slick-slide01\" class=\"slick-slide\" tabindex=\"-1\" role=\"tabpanel\" data-slick-index=\"1\" aria-hidden=\"true\">\n<div>\n<div class=\"cpb-products-photo_box cmd-slide\"><img decoding=\"async\" title=\"\u30eb\u30fc\u30b8\u30e5\u30a2\u30ec\u30fc\u30d6\u30eb \u30a8\u30d6\u30eb\u30a4\u30b5\u30f3\" src=\"https:\/\/www.cledepeau-beaute.com\/dw\/image\/v2\/BBSC_PRD\/on\/demandware.static\/-\/Sites-master-catalog-cpb_jp_ec\/default\/dwdfee6a3e\/products\/images\/product-detail-A17001-17041_2.png?sw=580&amp;sh=580&amp;sm=fit\" alt=\"\u30eb\u30fc\u30b8\u30e5\u30a2\u30ec\u30fc\u30d6\u30eb \u30a8\u30d6\u30eb\u30a4\u30b5\u30f3\" \/><\/div>\n<\/div>\n<\/div>\n<\/div>\n<\/div>\n<\/div>\n<\/div>\n<div class=\"cpb-products_inner is-quickview\">\n<div class=\"cpb-products-info\">\n<div class=\"item-sales\">\n<div class=\"item-sales-data\">\n<p class=\"item-sales-data_cat\">\uff1c\u53e3\u7d05\uff1e<\/p>\n<\/div>\n<div class=\"item-txt\">\u4e0a\u54c1\u306b\u714c\u3081\u304f\u4ed5\u4e0a\u304c\u308a\u3000\u30e9\u30b0\u30b8\u30e5\u30a2\u30ea\u30fc\u30eb\u30fc\u30b8\u30e5<\/div>\n<\/div>\n<\/div>\n<div class=\"item-data_area is-quickview\">\n<p class=\"item-color\">311 \u30d1\u30ef\u30fc\u30cf\u30a6\u30b9 \u30d4\u30f3\u30af<\/p>\n<p class=\"item-state\">NEW<\/p>\n<\/div>\n<div class=\"cpb-products-variation is-quickview\">\n<ul class=\"cpb-products-color_list\">\n<li class=\"is-disabled is-current\"><a class=\"swatchanchor\" title=\"\u9078\u629e Color: 311\" href=\"https:\/\/www.cledepeau-beaute.com\/on\/demandware.store\/Sites-cpb_jp-Site\/ja_JP\/Product-Variation?pid=F69701&amp;dwvar_F69701_color=311\" data-lgimg=\"{&quot;url&quot;:&quot;https:\/\/www.cledepeau-beaute.com\/dw\/image\/v2\/BBSC_PRD\/on\/demandware.static\/-\/Sites-master-catalog-cpb_jp_ec\/default\/dw73be97af\/products\/images\/product-detail-A17001-17041_1.png?sw=270&amp;sh=350&amp;sm=fit&quot;,&quot;title&quot;:&quot;\u30eb\u30fc\u30b8\u30e5\u30a2\u30ec\u30fc\u30d6\u30eb \u30a8\u30d6\u30eb\u30a4\u30b5\u30f3&quot;,&quot;alt&quot;:&quot;\u30eb\u30fc\u30b8\u30e5\u30a2\u30ec\u30fc\u30d6\u30eb \u30a8\u30d6\u30eb\u30a4\u30b5\u30f3&quot;,&quot;hires&quot;:&quot;https:\/\/www.cledepeau-beaute.com\/dw\/image\/v2\/BBSC_PRD\/on\/demandware.static\/-\/Sites-master-catalog-cpb_jp_ec\/default\/dw73be97af\/products\/images\/product-detail-A17001-17041_1.png?sw=270&amp;sh=350&amp;sm=fit&quot;}\" data-params=\"pid=F69701&amp;dwvar_F69701_color=311\" data-colorcd=\"BCC-28114_20210427_LS_03_02\"><span class=\"c-list-color-panel is-current \" data-description=\"311 \u30d1\u30ef\u30fc\u30cf\u30a6\u30b9 \u30d4\u30f3\u30af\"><img decoding=\"async\" src=\"https:\/\/www.cledepeau-beaute.com\/dw\/image\/v2\/BBSC_PRD\/on\/demandware.static\/-\/Sites-master-catalog-cpb_jp_ec\/default\/dw79adbbba\/products\/images\/product-detail-A17001-color-311.jpg?sw=52&amp;sh=52&amp;sm=fit\" alt=\"311\" \/><\/span><\/a><\/li>\n<\/ul>\n<p class=\"item-txt\">\u5bb9\u91cf\u3000\uff1a4g<\/p>\n<\/div>\n<p class=\"item-release-date\">\u767a\u58f2\u65e5\u3000\uff1a2021\/07\/21<\/p>\n<div class=\"cpb-products-conut\">\n<p id=\"cpb-products_price\" class=\"item-price\"><strong class=\"num ecAbolished\" data-value=\"6600.0\">6,600\u5186(\u7a0e\u8fbc)<\/strong><\/p>\n<\/div>\n<div class=\"cpb-products-stock\"><\/div>\n<div class=\"cpb-products-shop\">\n<p class=\"cmd-button_box _wide _WHT cpb-products-cart_submit\">\n<\/div>\n<\/div>\n<div class=\"veu_socialSet veu_socialSet-position-after veu_contentAddSection\"><script>window.twttr=(function(d,s,id){var js,fjs=d.getElementsByTagName(s)[0],t=window.twttr||{};if(d.getElementById(id))return t;js=d.createElement(s);js.id=id;js.src=\"https:\/\/platform.twitter.com\/widgets.js\";fjs.parentNode.insertBefore(js,fjs);t._e=[];t.ready=function(f){t._e.push(f);};return t;}(document,\"script\",\"twitter-wjs\"));<\/script><ul><li class=\"sb_facebook sb_icon\"><a class=\"sb_icon_inner\" href=\"\/\/www.facebook.com\/sharer.php?src=bm&u=https%3A%2F%2Flifeasart.jp%2F%3Fproduct%3D%25e3%2582%25af%25e3%2583%25ac%25e3%2583%25bb%25e3%2583%2589%25e3%2583%25bb%25e3%2583%259d%25e3%2583%25bc-%25e3%2583%259c%25e3%2583%25bc%25e3%2583%2586-%25e3%2583%25ab%25e3%2583%25bc%25e3%2582%25b8%25e3%2583%25a5%25e3%2582%25a2%25e3%2583%25ac%25e3%2583%25bc%25e3%2583%2596%25e3%2583%25ab-%25e3%2582%25a8%25e3%2583%2596&amp;t=%E9%9D%99%E5%B2%A1%E3%83%BB%20%E3%83%A9%E3%83%9C%E3%82%B3%E3%82%B9%E3%83%A1SHIBAHARA%20%E5%8C%96%E7%B2%A7%E5%93%81%E5%B0%82%E9%96%80%E5%BA%97%20SINCE1958\" target=\"_blank\" onclick=\"window.open(this.href,'FBwindow','width=650,height=450,menubar=no,toolbar=no,scrollbars=yes');return false;\"><span class=\"vk_icon_w_r_sns_fb icon_sns\"><\/span><span class=\"sns_txt\">Facebook<\/span><span class=\"veu_count_sns_fb\"><\/span><\/a><\/li><li class=\"sb_x_twitter sb_icon\"><a class=\"sb_icon_inner\" href=\"\/\/twitter.com\/intent\/tweet?url=https%3A%2F%2Flifeasart.jp%2F%3Fproduct%3D%25e3%2582%25af%25e3%2583%25ac%25e3%2583%25bb%25e3%2583%2589%25e3%2583%25bb%25e3%2583%259d%25e3%2583%25bc-%25e3%2583%259c%25e3%2583%25bc%25e3%2583%2586-%25e3%2583%25ab%25e3%2583%25bc%25e3%2582%25b8%25e3%2583%25a5%25e3%2582%25a2%25e3%2583%25ac%25e3%2583%25bc%25e3%2583%2596%25e3%2583%25ab-%25e3%2582%25a8%25e3%2583%2596&amp;text=%E9%9D%99%E5%B2%A1%E3%83%BB%20%E3%83%A9%E3%83%9C%E3%82%B3%E3%82%B9%E3%83%A1SHIBAHARA%20%E5%8C%96%E7%B2%A7%E5%93%81%E5%B0%82%E9%96%80%E5%BA%97%20SINCE1958\" target=\"_blank\" ><span class=\"vk_icon_w_r_sns_x_twitter icon_sns\"><\/span><span class=\"sns_txt\">X<\/span><\/a><\/li><li class=\"sb_bluesky sb_icon\"><a class=\"sb_icon_inner\" href=\"https:\/\/bsky.app\/intent\/compose?text=%E9%9D%99%E5%B2%A1%E3%83%BB%20%E3%83%A9%E3%83%9C%E3%82%B3%E3%82%B9%E3%83%A1SHIBAHARA%20%E5%8C%96%E7%B2%A7%E5%93%81%E5%B0%82%E9%96%80%E5%BA%97%20SINCE1958%0Ahttps%3A%2F%2Flifeasart.jp%2F%3Fproduct%3D%25e3%2582%25af%25e3%2583%25ac%25e3%2583%25bb%25e3%2583%2589%25e3%2583%25bb%25e3%2583%259d%25e3%2583%25bc-%25e3%2583%259c%25e3%2583%25bc%25e3%2583%2586-%25e3%2583%25ab%25e3%2583%25bc%25e3%2582%25b8%25e3%2583%25a5%25e3%2582%25a2%25e3%2583%25ac%25e3%2583%25bc%25e3%2583%2596%25e3%2583%25ab-%25e3%2582%25a8%25e3%2583%2596\" target=\"_blank\" ><span class=\"vk_icon_w_r_sns_bluesky icon_sns\"><\/span><span class=\"sns_txt\">Bluesky<\/span><\/a><\/li><\/ul><\/div><!-- [ \/.socialSet ] -->","protected":false},"excerpt":{"rendered":"<p>ROUGE \u00c0 L\u00c8VRES \u00c9BLOUISSANT \u30af\u30ec\u30fb\u30c9\u30fb\u30dd\u30fc \u30dc\u30fc\u30c6 \u30eb\u30fc\u30b8\u30e5\u30a2\u30ec\u30fc\u30d6\u30eb \u30a8\u30d6\u30eb\u30a4\u30b5\u30f3 \uff1c\u53e3\u7d05\uff1e \u4e0a\u54c1\u306b\u714c\u3081\u304f\u4ed5\u4e0a\u304c\u308a\u3000\u30e9\u30b0\u30b8\u30e5\u30a2\u30ea\u30fc\u30eb\u30fc\u30b8\u30e5 311 \u30d1\u30ef\u30fc\u30cf\u30a6\u30b9 \u30d4\u30f3\u30af NEW \u5bb9\u91cf\u3000\uff1a4g  [&hellip;]<\/p>\n","protected":false},"featured_media":12281,"comment_status":"open","ping_status":"closed","template":"","meta":{"vkexunit_cta_each_option":""},"product_cat":[945,944],"product_tag":[871,867,872,875,876,869],"class_list":{"0":"post-10155","1":"product","2":"type-product","3":"status-publish","4":"has-post-thumbnail","6":"product_cat-945","7":"product_cat-944","8":"product_tag-cpb","9":"product_tag-ginza","10":"product_tag-shiseido","11":"product_tag-875","12":"product_tag-876","13":"product_tag-869","15":"first","16":"instock","17":"shipping-taxable","18":"purchasable","19":"product-type-simple"},"_links":{"self":[{"href":"https:\/\/lifeasart.jp\/index.php?rest_route=\/wp\/v2\/product\/10155","targetHints":{"allow":["GET"]}}],"collection":[{"href":"https:\/\/lifeasart.jp\/index.php?rest_route=\/wp\/v2\/product"}],"about":[{"href":"https:\/\/lifeasart.jp\/index.php?rest_route=\/wp\/v2\/types\/product"}],"replies":[{"embeddable":true,"href":"https:\/\/lifeasart.jp\/index.php?rest_route=%2Fwp%2Fv2%2Fcomments&post=10155"}],"wp:featuredmedia":[{"embeddable":true,"href":"https:\/\/lifeasart.jp\/index.php?rest_route=\/wp\/v2\/media\/12281"}],"wp:attachment":[{"href":"https:\/\/lifeasart.jp\/index.php?rest_route=%2Fwp%2Fv2%2Fmedia&parent=10155"}],"wp:term":[{"taxonomy":"product_cat","embeddable":true,"href":"https:\/\/lifeasart.jp\/index.php?rest_route=%2Fwp%2Fv2%2Fproduct_cat&post=10155"},{"taxonomy":"product_tag","embeddable":true,"href":"https:\/\/lifeasart.jp\/index.php?rest_route=%2Fwp%2Fv2%2Fproduct_tag&post=10155"}],"curies":[{"name":"wp","href":"https:\/\/api.w.org\/{rel}","templated":true}]}}